{"id":1226,"date":"2026-02-24T20:43:19","date_gmt":"2026-02-24T23:43:19","guid":{"rendered":"https:\/\/geosur.net.ar\/tienda\/?post_type=product&#038;p=1226"},"modified":"2026-02-26T16:51:03","modified_gmt":"2026-02-26T19:51:03","slug":"remera-cp-30","status":"publish","type":"product","link":"https:\/\/geosur.net.ar\/tienda\/product\/remera-cp-30\/","title":{"rendered":"REMERA CP-30"},"content":{"rendered":"<h3 style=\"text-align: center;\">TODOS LOS PRODUCTOS SE ENTREGAN 72HS POSTERIOR A LA COMPRA.<\/h3>\n","protected":false},"excerpt":{"rendered":"<h4 style=\"text-align: center;\"><img fetchpriority=\"high\" decoding=\"async\" class=\"alignnone wp-image-634\" src=\"https:\/\/geosur.net.ar\/tienda\/wp-content\/uploads\/2026\/01\/MEDIDAS-TIENDA-ADULTOS.png\" alt=\"\" width=\"656\" height=\"711\" srcset=\"https:\/\/geosur.net.ar\/tienda\/wp-content\/uploads\/2026\/01\/MEDIDAS-TIENDA-ADULTOS.png 719w, https:\/\/geosur.net.ar\/tienda\/wp-content\/uploads\/2026\/01\/MEDIDAS-TIENDA-ADULTOS-277x300.png 277w, https:\/\/geosur.net.ar\/tienda\/wp-content\/uploads\/2026\/01\/MEDIDAS-TIENDA-ADULTOS-300x325.png 300w, https:\/\/geosur.net.ar\/tienda\/wp-content\/uploads\/2026\/01\/MEDIDAS-TIENDA-ADULTOS-600x650.png 600w\" sizes=\"(max-width: 656px) 100vw, 656px\" \/><\/h4>\n<h5 style=\"text-align: center;\">CONSEJO: si alguna de las medidas coincide con tu talle, siempre contempla la posibilidad de un Nro m\u00e1s asi te queda c\u00f3moda ya que los talles tienen +- 2cm de tolerancia.<\/h5>\n<h5 style=\"text-align: center;\">El algod\u00f3n peinado es una variante de alta calidad del algod\u00f3n sometida a un proceso mec\u00e1nico adicional para eliminar impurezas y fibras cortas, dejando solo las largas y alineadas. Esto da como resultado un material excepcionalmente suave, resistente, duradero y con menos tendencia a formar bolitas.<\/h5>\n","protected":false},"featured_media":1243,"comment_status":"closed","ping_status":"closed","template":"","meta":[],"product_brand":[27],"product_cat":[22,41],"product_tag":[35],"class_list":{"0":"post-1226","1":"product","2":"type-product","3":"status-publish","4":"has-post-thumbnail","6":"product_brand-geosur","7":"product_cat-remeras","8":"product_cat-vehiculos_r","9":"product_tag-fm","11":"first","12":"instock","13":"purchasable","14":"product-type-variable"},"_links":{"self":[{"href":"https:\/\/geosur.net.ar\/tienda\/wp-json\/wp\/v2\/product\/1226","targetHints":{"allow":["GET"]}}],"collection":[{"href":"https:\/\/geosur.net.ar\/tienda\/wp-json\/wp\/v2\/product"}],"about":[{"href":"https:\/\/geosur.net.ar\/tienda\/wp-json\/wp\/v2\/types\/product"}],"replies":[{"embeddable":true,"href":"https:\/\/geosur.net.ar\/tienda\/wp-json\/wp\/v2\/comments?post=1226"}],"wp:featuredmedia":[{"embeddable":true,"href":"https:\/\/geosur.net.ar\/tienda\/wp-json\/wp\/v2\/media\/1243"}],"wp:attachment":[{"href":"https:\/\/geosur.net.ar\/tienda\/wp-json\/wp\/v2\/media?parent=1226"}],"wp:term":[{"taxonomy":"product_brand","embeddable":true,"href":"https:\/\/geosur.net.ar\/tienda\/wp-json\/wp\/v2\/product_brand?post=1226"},{"taxonomy":"product_cat","embeddable":true,"href":"https:\/\/geosur.net.ar\/tienda\/wp-json\/wp\/v2\/product_cat?post=1226"},{"taxonomy":"product_tag","embeddable":true,"href":"https:\/\/geosur.net.ar\/tienda\/wp-json\/wp\/v2\/product_tag?post=1226"}],"curies":[{"name":"wp","href":"https:\/\/api.w.org\/{rel}","templated":true}]}}